{"id":2211,"date":"2017-02-01T11:50:20","date_gmt":"2017-02-01T11:50:20","guid":{"rendered":"https:\/\/www.techmonts.com\/services\/"},"modified":"2026-03-28T10:37:02","modified_gmt":"2026-03-28T10:37:02","slug":"nos-services","status":"publish","type":"page","link":"https:\/\/www.techmonts.com\/fr\/nos-services\/","title":{"rendered":"Services"},"content":{"rendered":"<div class=\"wpb-content-wrapper\"><p>[vc_row row_type=&#8221;row_full_center_content&#8221; class=&#8221;image_sec&#8221; el_class=&#8221;service-tab-box&#8221; css=&#8221;.vc_custom_1744012208208{padding-top: 0px !important;padding-bottom: 50px !important;}&#8221;][vc_column el_class=&#8221;left=ser resp-sol&#8221;][ind_custom_heading heading=&#8221;Nos Solutions Strat\u00e9giques&#8221; colored_line=&#8221;yes&#8221;][vc_column_text css=&#8221;&#8221; el_class=&#8221;h6_class&#8221;]<\/p>\n<blockquote>\n<h4 class=\"p1\"><strong data-start=\"173\" data-end=\"230\">Solutions concr\u00e8tes pour la croissance internationale<\/strong><\/h4>\n<\/blockquote>\n<p data-start=\"520\" data-end=\"668\"><strong data-start=\"396\" data-end=\"566\">TechMonts propose des solutions concr\u00e8tes et orient\u00e9es r\u00e9sultats pour accompagner les entreprises industrielles dans leur expansion internationale et leur croissance.<\/strong><\/p>\n<p data-start=\"670\" data-end=\"822\"><strong data-start=\"384\" data-end=\"565\">De la strat\u00e9gie d\u2019entr\u00e9e sur le march\u00e9 \u00e0 l\u2019ex\u00e9cution locale, nous accompagnons chaque \u00e9tape de votre d\u00e9veloppement international avec un objectif clair : des r\u00e9sultats concrets.<\/strong><\/p>\n<p class=\"p2\"><strong data-start=\"464\" data-end=\"657\">Que vous souhaitiez vous d\u00e9velopper \u00e0 l\u2019international, lancer vos produits sur de nouveaux march\u00e9s ou acc\u00e9l\u00e9rer votre croissance, TechMonts est votre partenaire de confiance sur le terrain.<\/strong><\/p>\n<p>[\/vc_column_text][\/vc_column][\/vc_row][vc_row full_width=&#8221;stretch_row&#8221; row_type=&#8221;row_full_center_content&#8221; css=&#8221;.vc_custom_1744012273193{background-color: #f6f6f6 !important;}&#8221; el_class=&#8221;our-services&#8221;][vc_column css=&#8221;.vc_custom_1744011454526{padding-bottom: 40px !important;}&#8221;][ind_our_services_home_four number=&#8221;3&#8243; column=&#8221;3&#8243;][vc_row_inner][vc_column_inner][vc_empty_space][\/vc_column_inner][\/vc_row_inner][\/vc_column][\/vc_row][vc_row][vc_column][vc_empty_space][\/vc_column][\/vc_row][vc_row][vc_column][ind_custom_heading heading=&#8221;COMMENT NOUS TRAVAILLONS&#8221; colored_line=&#8221;yes&#8221;][\/vc_column][\/vc_row][vc_row full_width=&#8221;stretch_row_content_no_spaces&#8221; equal_height=&#8221;yes&#8221; css=&#8221;.vc_custom_1744294670836{background-position: 0 0 !important;background-repeat: no-repeat !important;}&#8221;][vc_column width=&#8221;1\/4&#8243;][vc_single_image image=&#8221;2139&#8243; img_size=&#8221;full&#8221; css=&#8221;&#8221;][\/vc_column][vc_column width=&#8221;1\/4&#8243; css=&#8221;.vc_custom_1744287499119{background-color: #143B53 !important;}&#8221; el_class=&#8221;zero_padding&#8221;][vc_column_text css=&#8221;.vc_custom_1774694199354{padding-top: 68px !important;padding-right: 40px !important;padding-bottom: 60px !important;padding-left: 40px !important;border-color: #FFFFFF00 !important;}&#8221; el_class=&#8221;service-step&#8221;]<\/p>\n<div class=\"features-area\">\n<div class=\"features\">\n<div class=\"features-content\">\n<div class=\"media\">\n<div class=\"media-center\"><a href=\"#\"><img loading=\"lazy\" decoding=\"async\" class=\"size-full wp-image-536 aligncenter\" src=\"https:\/\/www.techmonts.com\/wp-content\/uploads\/2017\/02\/icon.png\" alt=\"\" width=\"36\" height=\"34\" \/><\/a><\/div>\n<p>&nbsp;<\/p>\n<div class=\"media-body\">\n<h4 class=\"p1\" style=\"text-align: center;\"><strong>\u00c9tape 1 <\/strong><\/h4>\n<h4 class=\"p1\" style=\"text-align: center;\"><strong>Consultation initiale<\/strong><\/h4>\n<p class=\"p1\" style=\"text-align: center;\">Nous comprenons vos besoins, vos objectifs commerciaux et les d\u00e9fis de votre march\u00e9.<\/p>\n<\/div>\n<p>&nbsp;<\/p>\n<\/div>\n<p>&nbsp;<\/p>\n<\/div>\n<p>&nbsp;<\/p>\n<\/div>\n<p>&nbsp;<\/p>\n<\/div>\n<p>[\/vc_column_text][\/vc_column][vc_column width=&#8221;1\/4&#8243; css=&#8221;.vc_custom_1744287508103{background-color: #143B53 !important;}&#8221;][vc_column_text css=&#8221;.vc_custom_1774694209333{padding-top: 68px !important;padding-right: 40px !important;padding-bottom: 60px !important;padding-left: 40px !important;}&#8221; el_class=&#8221;service-step&#8221;]<\/p>\n<div class=\"features-area\">\n<div class=\"features\">\n<div class=\"features-content\">\n<div class=\"media\">\n<div class=\"media-center\"><a href=\"#\"><img loading=\"lazy\" decoding=\"async\" class=\"alignnone size-full wp-image-538 aligncenter\" src=\"https:\/\/www.techmonts.com\/wp-content\/uploads\/2025\/04\/icon1.png\" alt=\"\" width=\"36\" height=\"36\" \/><\/a><\/div>\n<p>&nbsp;<\/p>\n<div class=\"media-body\">\n<h4 class=\"p1\" style=\"text-align: center;\"><strong>\u00c9tape 2 <\/strong><\/h4>\n<h4 class=\"p1\" style=\"text-align: center;\"><strong>Strat\u00e9gie et proposition<\/strong><\/h4>\n<p class=\"p1\" style=\"text-align: center;\">Nous \u00e9laborons une strat\u00e9gie sur mesure et proposons des solutions concr\u00e8tes align\u00e9es avec vos objectifs.<\/p>\n<\/div>\n<p>&nbsp;<\/p>\n<\/div>\n<p>&nbsp;<\/p>\n<\/div>\n<p>&nbsp;<\/p>\n<\/div>\n<p>&nbsp;<\/p>\n<\/div>\n<p>[\/vc_column_text][\/vc_column][vc_column width=&#8221;1\/4&#8243; css=&#8221;.vc_custom_1744287516670{background-color: #143B53 !important;}&#8221;][vc_column_text css=&#8221;.vc_custom_1774694217589{padding-top: 68px !important;padding-right: 40px !important;padding-bottom: 60px !important;padding-left: 40px !important;}&#8221; el_class=&#8221;service-step&#8221;]<\/p>\n<div class=\"features-area\">\n<div class=\"features\">\n<div class=\"features-content\">\n<div class=\"media\">\n<div class=\"media-center\"><a href=\"#\"><img loading=\"lazy\" decoding=\"async\" class=\"alignnone size-full wp-image-539 aligncenter\" src=\"https:\/\/www.techmonts.com\/wp-content\/uploads\/2025\/04\/icon2.png\" alt=\"\" width=\"36\" height=\"36\" \/><\/a><\/div>\n<p>&nbsp;<\/p>\n<div class=\"media-body\">\n<h4 class=\"p1\" style=\"text-align: center;\"><strong>\u00c9tape 3 <\/strong><\/h4>\n<h4 class=\"p1\" style=\"text-align: center;\"><strong>Ex\u00e9cution et r\u00e9sultats<\/strong><\/h4>\n<p class=\"p1\" style=\"text-align: center;\">Nous ex\u00e9cutons le plan, accompagnons sa mise en \u0153uvre et garantissons des r\u00e9sultats commerciaux mesurables.<\/p>\n<\/div>\n<p>&nbsp;<\/p>\n<\/div>\n<p>&nbsp;<\/p>\n<\/div>\n<p>&nbsp;<\/p>\n<\/div>\n<p>&nbsp;<\/p>\n<\/div>\n<p>[\/vc_column_text][\/vc_column][\/vc_row][vc_row][vc_column][vc_column_text][\/vc_column_text][\/vc_column][\/vc_row]<\/p>\n<\/div>","protected":false},"excerpt":{"rendered":"<p>[vc_row row_type=&#8221;row_full_center_content&#8221; class=&#8221;image_sec&#8221; el_class=&#8221;service-tab-box&#8221; css=&#8221;.vc_custom_1744012208208{padding-top: 0px !important;padding-bottom: 50px !important;}&#8221;][vc_column el_class=&#8221;left=ser resp-sol&#8221;][ind_custom_heading heading=&#8221;Nos Solutions Strat\u00e9giques&#8221; colored_line=&#8221;yes&#8221;][vc_column_text css=&#8221;&#8221; el_class=&#8221;h6_class&#8221;] Solutions concr\u00e8tes pour la &#8230;<\/p>\n","protected":false},"author":1,"featured_media":0,"parent":0,"menu_order":0,"comment_status":"closed","ping_status":"closed","template":"","meta":{"footnotes":""},"class_list":["post-2211","page","type-page","status-publish","hentry"],"_links":{"self":[{"href":"https:\/\/www.techmonts.com\/fr\/wp-json\/wp\/v2\/pages\/2211","targetHints":{"allow":["GET"]}}],"collection":[{"href":"https:\/\/www.techmonts.com\/fr\/wp-json\/wp\/v2\/pages"}],"about":[{"href":"https:\/\/www.techmonts.com\/fr\/wp-json\/wp\/v2\/types\/page"}],"author":[{"embeddable":true,"href":"https:\/\/www.techmonts.com\/fr\/wp-json\/wp\/v2\/users\/1"}],"replies":[{"embeddable":true,"href":"https:\/\/www.techmonts.com\/fr\/wp-json\/wp\/v2\/comments?post=2211"}],"version-history":[{"count":10,"href":"https:\/\/www.techmonts.com\/fr\/wp-json\/wp\/v2\/pages\/2211\/revisions"}],"predecessor-version":[{"id":2317,"href":"https:\/\/www.techmonts.com\/fr\/wp-json\/wp\/v2\/pages\/2211\/revisions\/2317"}],"wp:attachment":[{"href":"https:\/\/www.techmonts.com\/fr\/wp-json\/wp\/v2\/media?parent=2211"}],"curies":[{"name":"wp","href":"https:\/\/api.w.org\/{rel}","templated":true}]}}