{"id":1760,"date":"2017-02-01T11:19:47","date_gmt":"2017-02-01T11:19:47","guid":{"rendered":"https:\/\/www.techmonts.com\/a-propos-de-nous\/"},"modified":"2026-03-27T05:35:07","modified_gmt":"2026-03-27T05:35:07","slug":"a-propos-de-nous","status":"publish","type":"page","link":"https:\/\/www.techmonts.com\/fr\/a-propos-de-nous\/","title":{"rendered":"\u00c0 propos de nous"},"content":{"rendered":"<div class=\"wpb-content-wrapper\"><p>[vc_row row_type=&#8221;row_full_center_content&#8221; class=&#8221;max_width&#8221; el_class=&#8221;about-tab-box&#8221; css=&#8221;.vc_custom_1634381787120{margin-bottom: 58px !important;}&#8221;][vc_column][vc_tta_tour shape=&#8221;square&#8221; color=&#8221;white&#8221; active_section=&#8221;1&#8243; el_class=&#8221;margin_both&#8221;][vc_tta_section title=&#8221;A propos de nous&#8221; tab_id=&#8221;1744270319529-71331864-eeac&#8221;][ind_custom_heading heading=&#8221;\u00c0 propos de TechMonts&#8221;][vc_column_text css=&#8221;&#8221;]<\/p>\n<p data-start=\"441\" data-end=\"584\"><strong>TechMonts est un partenaire strat\u00e9gique en d\u00e9veloppement international et en expansion de march\u00e9, accompagnant les entreprises dans leur croissance \u00e0 l\u2019international avec clart\u00e9 et confiance.<\/strong><\/p>\n<p data-start=\"586\" data-end=\"757\"><strong>Nous sommes sp\u00e9cialis\u00e9s dans la cr\u00e9ation de passerelles entre le Japon et les march\u00e9s internationaux, en accompagnant les entreprises japonaises dans leur expansion \u00e0 l\u2019international et les entreprises \u00e9trang\u00e8res dans leur implantation sur le march\u00e9 japonais.<\/strong><\/p>\n<p>[\/vc_column_text][vc_column_text css=&#8221;&#8221;]<\/p>\n<h3 class=\"p1\"><strong data-start=\"183\" data-end=\"214\">Nos domaines d\u2019intervention<\/strong><\/h3>\n<p class=\"p1\">Nous offrons un accompagnement strat\u00e9gique et une approche op\u00e9rationnelle du d\u00e9veloppement de march\u00e9, permettant de transformer les ambitions internationales en r\u00e9sultats commerciaux tangibles.<\/p>\n<p><strong>1. Expansion internationale des march\u00e9s<\/strong><\/p>\n<p class=\"p2\">Nous accompagnons les entreprises dans leur d\u00e9veloppement \u00e0 l\u2019international en d\u00e9finissant des strat\u00e9gies claires, en assurant une localisation adapt\u00e9e et en construisant des partenariats locaux durables.<\/p>\n<p><strong>2. Solutions strat\u00e9giques pour produits \u00e0 l\u2019international<\/strong><\/p>\n<p class=\"p2\">Nous accompagnons les entreprises dans le d\u00e9ploiement international de leurs produits en identifiant les march\u00e9s cibles, en optimisant leur positionnement et en mettant en place des strat\u00e9gies de sourcing et de distribution efficaces.<\/p>\n<p><strong>3. D\u00e9veloppement strat\u00e9gique des march\u00e9s industriels<\/strong><\/p>\n<p class=\"p2\">Nous renfor\u00e7ons et acc\u00e9l\u00e9rons la pr\u00e9sence des entreprises sur les march\u00e9s industriels \u00e0 travers des salons professionnels, une repr\u00e9sentation locale et des actions cibl\u00e9es de d\u00e9veloppement commercial.<\/p>\n<p>[\/vc_column_text][vc_column_text css=&#8221;&#8221;]<\/p>\n<h3 class=\"p1\"><b>Ce qui nous distingue<\/b><\/h3>\n<p class=\"p2\">TechMonts se distingue par une approche unique qui privil\u00e9gie l\u2019impact, l\u2019innovation et l\u2019inclusivit\u00e9 :<\/p>\n<ul>\n<li class=\"p1\"><span class=\"s1\"><b>Connexion Japon\u2013Monde :<\/b><\/span>Nous agissons comme un v\u00e9ritable pont dans les deux sens, aidant les entreprises japonaises et \u00e9trang\u00e8res \u00e0 se d\u00e9velopper dans la direction oppos\u00e9e.<\/li>\n<li class=\"p1\"><span class=\"s1\"><b>Accompagnement de bout en bout :<\/b><\/span>De la strat\u00e9gie \u00e0 l\u2019ex\u00e9cution, nous guidons nos clients \u00e0 chaque \u00e9tape de leur expansion.<\/li>\n<li class=\"p1\"><span class=\"s1\"><b>Expertise multilingue et interculturelle :<\/b><\/span>Notre \u00e9quipe allie expertise technique et sensibilit\u00e9 culturelle pour assurer des op\u00e9rations internationales sans friction.<\/li>\n<li class=\"p1\"><span class=\"s1\"><b>Impact-Driven Vision:<\/b><\/span> We\u2019re not just about market entry, we\u2019re here to create long-term value, strengthen industries, and drive global competitiveness.<\/li>\n<li class=\"p1\"><span class=\"s1\"><b>Innovation sans jargon :<\/b><\/span> Nous proposons des solutions concr\u00e8tes et efficaces, fond\u00e9es sur des besoins r\u00e9els, et non sur des effets de mode.<\/li>\n<\/ul>\n<p>[\/vc_column_text][vc_column_text css=&#8221;&#8221;]<\/p>\n<h3 class=\"p1\"><strong data-start=\"152\" data-end=\"182\">Pourquoi choisir TechMonts<\/strong><\/h3>\n<p class=\"p1\">Nous combinons strat\u00e9gie globale et ex\u00e9cution locale pour produire des r\u00e9sultats commerciaux tangibles, et non de simples recommandations.<\/p>\n<p><strong>Approche globale et ex\u00e9cution locale<\/strong><\/p>\n<p>Nous agissons comme un v\u00e9ritable pont entre le Japon et les march\u00e9s internationaux, en assurant une ex\u00e9cution locale efficace et un impact r\u00e9el sur le terrain.<\/p>\n<p><strong>Accompagnement global de bout en bout<\/strong><\/p>\n<p>De la d\u00e9finition de la strat\u00e9gie \u00e0 sa mise en \u0153uvre op\u00e9rationnelle, nous accompagnons chaque \u00e9tape de votre expansion internationale.<\/p>\n<p><strong>Focalisation sur des r\u00e9sultats concrets<\/strong><\/p>\n<p>Notre approche est r\u00e9solument orient\u00e9e vers des r\u00e9sultats tangibles \u2014 acc\u00e8s au march\u00e9, d\u00e9veloppement de partenariats et croissance \u2014 plut\u00f4t que vers de simples consid\u00e9rations th\u00e9oriques.<\/p>\n<p><strong>Expertise interculturelle et internationale<\/strong><\/p>\n<p>Notre \u00e9quipe associe une expertise internationale \u00e0 une connaissance approfondie des march\u00e9s locaux, garantissant une expansion harmonieuse et ma\u00eetris\u00e9e.<\/p>\n<h2 data-section-id=\"dyiha5\" data-start=\"1187\" data-end=\"1225\"><strong data-start=\"191\" data-end=\"246\">Construisons ensemble votre r\u00e9ussite internationale<\/strong><\/h2>\n<p data-start=\"1227\" data-end=\"1318\"><strong>Associez-vous \u00e0 TechMonts pour concr\u00e9tiser vos ambitions internationales et g\u00e9n\u00e9rer des r\u00e9sultats commerciaux tangibles.<\/strong><\/p>\n<p>[\/vc_column_text][\/vc_tta_section][vc_tta_section title=&#8221;Notre VISION&#8221; tab_id=&#8221;1468047646815-c140b87b-2725&#8243;][ind_custom_heading heading=&#8221;OUR VISION&#8221; colored_line=&#8221;yes&#8221;][vc_column_text css=&#8221;&#8221; el_class=&#8221;single-tab-content&#8221;]<\/p>\n<h4 class=\"p1\">\u201cAcc\u00e9l\u00e9rer l\u2019expansion internationale des entreprises gr\u00e2ce \u00e0 une strat\u00e9gie, une ex\u00e9cution locale et des partenariats de confiance.\u201d<\/h4>\n<p data-start=\"522\" data-end=\"652\"><strong>Chez TechMonts, nous portons la vision d\u2019un monde o\u00f9 les entreprises se d\u00e9veloppent \u00e0 l\u2019international avec clart\u00e9, confiance et un impact concret sur les march\u00e9s.<\/strong><\/p>\n<p data-start=\"654\" data-end=\"792\"><strong>Nous cr\u00e9ons un pont entre le Japon et les march\u00e9s internationaux en alliant expertise strat\u00e9gique et ex\u00e9cution locale, permettant aux entreprises de se d\u00e9velopper au-del\u00e0 des fronti\u00e8res.<\/strong><\/p>\n<p>[\/vc_column_text][vc_row_inner el_class=&#8221;about-top-sec&#8221;][vc_column_inner width=&#8221;1\/2&#8243;][vc_single_image image=&#8221;2174&#8243; img_size=&#8221;full&#8221; css=&#8221;&#8221;][\/vc_column_inner][vc_column_inner width=&#8221;1\/2&#8243;][vc_single_image image=&#8221;2171&#8243; img_size=&#8221;full&#8221; css=&#8221;&#8221;][\/vc_column_inner][\/vc_row_inner][\/vc_tta_section][vc_tta_section title=&#8221;Nos valeurs&#8221; tab_id=&#8221;1484209656247-2cd7f0b4-8423&#8243;][ind_custom_heading heading=&#8221;OUR VALUES&#8221; colored_line=&#8221;yes&#8221;][vc_column_text css=&#8221;&#8221; el_class=&#8221;single-tab-content&#8221;]<strong>\u201cAcc\u00e9l\u00e9rer la croissance internationale des entreprises par la confiance, l\u2019ex\u00e9cution et des partenariats strat\u00e9giques.\u201d<\/strong><\/p>\n<p class=\"\" data-start=\"419\" data-end=\"566\"><strong>1. Ex\u00e9cution strat\u00e9gique orient\u00e9e r\u00e9sultats<\/strong><br data-start=\"449\" data-end=\"452\">Nous privil\u00e9gions une approche orient\u00e9e r\u00e9sultats, en transformant les strat\u00e9gies en performances commerciales concr\u00e8tes et mesurables.<\/p>\n<p class=\"\" data-start=\"571\" data-end=\"683\"><strong>2. Int\u00e9grit\u00e9, confiance et engagement<\/strong><br data-start=\"599\" data-end=\"602\">Nous d\u00e9veloppons des partenariats \u00e0 long terme reposant sur la transparence, la fiabilit\u00e9 et un respect mutuel constant.<\/p>\n<p class=\"\" data-start=\"688\" data-end=\"826\"><strong>3. Une croissance centr\u00e9e sur vos objectifs<\/strong><br data-start=\"717\" data-end=\"720\">Nous alignons chacune de nos actions sur vos objectifs strat\u00e9giques afin de g\u00e9n\u00e9rer une croissance durable, pertinente et \u00e0 forte valeur ajout\u00e9e.<\/p>\n<p class=\"\" data-start=\"831\" data-end=\"985\"><strong>4. Une expertise globale et locale<\/strong><br data-start=\"860\" data-end=\"863\">Nous associons une perspective internationale \u00e0 une compr\u00e9hension fine des march\u00e9s locaux afin de garantir une expansion efficace et ma\u00eetris\u00e9e.<\/p>\n<p class=\"\" data-start=\"990\" data-end=\"1144\"><strong>5. Une approche ax\u00e9e sur le partenariat<\/strong><br data-start=\"1022\" data-end=\"1025\">Nous collaborons \u00e9troitement avec nos clients et partenaires pour g\u00e9n\u00e9rer des opportunit\u00e9s r\u00e9elles et construire un succ\u00e8s durable \u00e0 long terme.<\/p>\n<p>[\/vc_column_text][vc_row_inner el_class=&#8221;about-top-sec&#8221;][vc_column_inner width=&#8221;1\/2&#8243;][vc_single_image image=&#8221;2146&#8243; img_size=&#8221;full&#8221; css=&#8221;&#8221;][\/vc_column_inner][vc_column_inner width=&#8221;1\/2&#8243;][vc_single_image image=&#8221;1889&#8243; img_size=&#8221;full&#8221; css=&#8221;&#8221;][\/vc_column_inner][\/vc_row_inner][\/vc_tta_section][vc_tta_section title=&#8221;Notre mission&#8221; tab_id=&#8221;1484209644740-84ba710d-a757&#8243;][ind_custom_heading heading=&#8221;OUR MISSION&#8221; colored_line=&#8221;yes&#8221;][vc_column_text css=&#8221;&#8221; el_class=&#8221;single-tab-content&#8221;]<\/p>\n<h4 class=\"p1\">\u201cPermettre aux entreprises de se d\u00e9velopper \u00e0 l\u2019international gr\u00e2ce \u00e0 une strat\u00e9gie claire, une ex\u00e9cution locale et des partenariats fiables.\u201d<\/h4>\n<p data-start=\"648\" data-end=\"772\"><strong>Chez TechMonts, notre mission est de permettre aux entreprises de se d\u00e9velopper \u00e0 l\u2019international avec clart\u00e9, confiance et un impact commercial r\u00e9el.<\/strong><\/p>\n<p data-start=\"774\" data-end=\"904\"><strong>Nous cr\u00e9ons un lien entre le Japon et les march\u00e9s internationaux, en accompagnant les entreprises dans la concr\u00e9tisation de leurs ambitions internationales en r\u00e9sultats tangibles.<\/strong><\/p>\n<p data-start=\"774\" data-end=\"904\">\u00c0 travers un accompagnement strat\u00e9gique et une ex\u00e9cution locale, nous g\u00e9n\u00e9rons des opportunit\u00e9s r\u00e9elles, construisons des partenariats solides et favorisons une croissance durable.<\/p>\n<h3 data-start=\"774\" data-end=\"904\"><strong>Nous ne faisons pas que conseiller : nous agissons, connectons et produisons des r\u00e9sultats commerciaux tangibles.<\/strong><\/h3>\n<p>[\/vc_column_text][vc_row_inner el_class=&#8221;about-top-sec&#8221;][vc_column_inner][vc_single_image image=&#8221;2179&#8243; img_size=&#8221;full&#8221; css=&#8221;&#8221;][vc_single_image image=&#8221;170&#8243; img_size=&#8221;full&#8221;][\/vc_column_inner][\/vc_row_inner][\/vc_tta_section][\/vc_tta_tour][\/vc_column][\/vc_row][vc_row full_width=&#8221;stretch_row_content_no_spaces&#8221; equal_height=&#8221;yes&#8221; content_placement=&#8221;middle&#8221; class=&#8221;fit-screen&#8221; el_class=&#8221;features-section&#8221;][vc_column width=&#8221;1\/4&#8243; el_class=&#8221;zero_padding&#8221; css=&#8221;.vc_custom_1744300224332{background-image: url(https:\/\/www.techmonts.com\/wp-content\/uploads\/2025\/04\/Background.jpg?id=1676) !important;background-position: 0 0 !important;background-repeat: no-repeat !important;}&#8221;][vc_single_image image=&#8221;1709&#8243; img_size=&#8221;full&#8221; css=&#8221;.vc_custom_1744302273081{background-image: url(https:\/\/www.techmonts.com\/wp-content\/uploads\/2025\/04\/Background.jpg?id=1676) !important;background-position: 0 0 !important;background-repeat: no-repeat !important;}&#8221;][\/vc_column][vc_column width=&#8221;1\/4&#8243; css=&#8221;.vc_custom_1744295042038{background-color: #143B53 !important;}&#8221; el_class=&#8221;zero_padding&#8221;][vc_column_text css=&#8221;.vc_custom_1749432843307{padding-top: 10px !important;padding-right: 60px !important;padding-bottom: 10px !important;padding-left: 60px !important;}&#8221; el_class=&#8221;about-us&#8221;]<\/p>\n<h4 class=\"p1\"><strong>Si\u00e8ge social<\/strong><\/h4>\n<p class=\"p1\">1-16-6-8b Dogenzaka Shibuya,<br \/>\nTokyo 150-0043<\/p>\n<p class=\"p1\">+81 70 9176 4840<\/p>\n<p>[\/vc_column_text][\/vc_column][vc_column width=&#8221;1\/4&#8243; css=&#8221;.vc_custom_1744295145726{background-color: #143B53 !important;}&#8221;][vc_column_text css=&#8221;.vc_custom_1746718453027{padding-top: 10px !important;padding-right: 60px !important;padding-bottom: 10px !important;padding-left: 60px !important;}&#8221; el_class=&#8221;about-us&#8221;]<\/p>\n<h4 class=\"p1\"><strong>Bureau Afrique du Nord<\/strong><\/h4>\n<p class=\"p1\">Cit\u00e9 512 Logts LPP FAIZI<br \/>\nB\u00e2timent 1, \u00c9tage 1, Bureau 7<br \/>\n1639 BORDJ EL BAHRI, Alg\u00e9rie[\/vc_column_text][\/vc_column][vc_column width=&#8221;1\/4&#8243; css=&#8221;.vc_custom_1746718363232{background-color: #143B53 !important;}&#8221;][vc_column_text css=&#8221;.vc_custom_1744295355158{padding-top: 10px !important;padding-right: 60px !important;padding-bottom: 10px !important;padding-left: 60px !important;}&#8221; el_class=&#8221;about-us&#8221;]<\/p>\n<h4 class=\"p1\"><strong>E-mail<\/strong><\/h4>\n<p class=\"p1\">contact@techmonts.com<\/p>\n<h4 class=\"p1\"><strong>Heures d\u2019ouverture<\/strong><\/h4>\n<p class=\"p1\">Lun &#8211; Ven, 9h00 &#8211; 18h00<\/p>\n<p>[\/vc_column_text][\/vc_column][\/vc_row][vc_row row_type=&#8221;row_full_center_content&#8221;][vc_column][vc_empty_space height=&#8221;75px&#8221;][\/vc_column][\/vc_row]<\/p>\n<\/div>","protected":false},"excerpt":{"rendered":"<p>[vc_row row_type=&#8221;row_full_center_content&#8221; class=&#8221;max_width&#8221; el_class=&#8221;about-tab-box&#8221; css=&#8221;.vc_custom_1634381787120{margin-bottom: 58px !important;}&#8221;][vc_column][vc_tta_tour shape=&#8221;square&#8221; color=&#8221;white&#8221; active_section=&#8221;1&#8243; el_class=&#8221;margin_both&#8221;][vc_tta_section title=&#8221;A propos de nous&#8221; tab_id=&#8221;1744270319529-71331864-eeac&#8221;][ind_custom_heading heading=&#8221;\u00c0 propos de TechMonts&#8221;][vc_column_text css=&#8221;&#8221;] &#8230;<\/p>\n","protected":false},"author":1,"featured_media":0,"parent":0,"menu_order":0,"comment_status":"closed","ping_status":"closed","template":"","meta":{"footnotes":""},"class_list":["post-1760","page","type-page","status-publish","hentry"],"_links":{"self":[{"href":"https:\/\/www.techmonts.com\/fr\/wp-json\/wp\/v2\/pages\/1760","targetHints":{"allow":["GET"]}}],"collection":[{"href":"https:\/\/www.techmonts.com\/fr\/wp-json\/wp\/v2\/pages"}],"about":[{"href":"https:\/\/www.techmonts.com\/fr\/wp-json\/wp\/v2\/types\/page"}],"author":[{"embeddable":true,"href":"https:\/\/www.techmonts.com\/fr\/wp-json\/wp\/v2\/users\/1"}],"replies":[{"embeddable":true,"href":"https:\/\/www.techmonts.com\/fr\/wp-json\/wp\/v2\/comments?post=1760"}],"version-history":[{"count":10,"href":"https:\/\/www.techmonts.com\/fr\/wp-json\/wp\/v2\/pages\/1760\/revisions"}],"predecessor-version":[{"id":2238,"href":"https:\/\/www.techmonts.com\/fr\/wp-json\/wp\/v2\/pages\/1760\/revisions\/2238"}],"wp:attachment":[{"href":"https:\/\/www.techmonts.com\/fr\/wp-json\/wp\/v2\/media?parent=1760"}],"curies":[{"name":"wp","href":"https:\/\/api.w.org\/{rel}","templated":true}]}}