{"id":1718,"date":"2017-02-01T10:34:22","date_gmt":"2017-02-01T10:34:22","guid":{"rendered":"https:\/\/www.techmonts.com\/accueil\/"},"modified":"2026-03-28T08:33:28","modified_gmt":"2026-03-28T08:33:28","slug":"accueil","status":"publish","type":"page","link":"https:\/\/www.techmonts.com\/fr\/","title":{"rendered":"Accueil"},"content":{"rendered":"<div class=\"wpb-content-wrapper\"><p>[vc_row full_width=&#8221;stretch_row_content_no_spaces&#8221;][vc_column width=&#8221;1\/2&#8243;][vc_column_text]\n\t\t\t\t<p class=\"rs-p-wp-fix\"><\/p>\n\t\t\t\t<sr7-module data-alias=\"home1\" data-id=\"1\" id=\"SR7_1_1\" class=\"rs-ov-hidden\" data-version=\"6.7.28\">\n\t\t\t\t\t<sr7-adjuster><\/sr7-adjuster>\n\t\t\t\t\t<sr7-content>\n\t\t\t\t\t\t<sr7-slide id=\"SR7_1_1-32\" data-key=\"32\">\n\t\t\t\t\t\t\t<sr7-bg id=\"SR7_1_1-32-5\" class=\"sr7-layer\"><noscript><img decoding=\"async\" src=\"https:\/\/www.techmonts.com\/wp-content\/uploads\/2025\/04\/slid1.jpg\" alt=\"\" title=\"slid1\"><\/noscript><\/sr7-bg>\n\t\t\t\t\t\t\t<h1 id=\"SR7_1_1-32-2\" class=\"sr7-layer\">Partenaire strat\u00e9gique <br \/>en entr\u00e9e de march\u00e9 <br \/>et d\u00e9veloppement <br \/>commercial<\/h1>\n\t\t\t\t\t\t\t<p id=\"SR7_1_1-32-4\" class=\"sr7-layer\">De la strat\u00e9gie \u00e0 l\u2019ex\u00e9cution, nous g\u00e9n\u00e9rons des r\u00e9sultats concrets sur le march\u00e9.<\/p>\n\t\t\t\t\t\t<\/sr7-slide>\n\t\t\t\t\t\t<sr7-slide id=\"SR7_1_1-33\" data-key=\"33\">\n\t\t\t\t\t\t\t<sr7-bg id=\"SR7_1_1-33-5\" class=\"sr7-layer\"><noscript><img decoding=\"async\" src=\"https:\/\/www.techmonts.com\/wp-content\/uploads\/2026\/03\/slid1-2.jpg\" alt=\"\" title=\"slid1-2\"><\/noscript><\/sr7-bg>\n\t\t\t\t\t\t\t<h1 id=\"SR7_1_1-33-2\" class=\"sr7-layer\">Connecter <br \/>les produits <br \/>aux bons march\u00e9s<\/h1>\n\t\t\t\t\t\t\t<p id=\"SR7_1_1-33-4\" class=\"sr7-layer\">De l\u2019approvisionnement \u00e0 la distribution, nous facilitons une croissance internationale \u00e9volutive.<\/p>\n\t\t\t\t\t\t<\/sr7-slide>\n\t\t\t\t\t\t<sr7-slide id=\"SR7_1_1-34\" data-key=\"34\">\n\t\t\t\t\t\t\t<sr7-bg id=\"SR7_1_1-34-5\" class=\"sr7-layer\"><noscript><img decoding=\"async\" src=\"https:\/\/www.techmonts.com\/wp-content\/uploads\/2026\/03\/slid1-1-4-1.jpg\" alt=\"\" title=\"slid1-1-4\"><\/noscript><\/sr7-bg>\n\t\t\t\t\t\t\t<h1 id=\"SR7_1_1-34-2\" class=\"sr7-layer\">Acc\u00e9l\u00e9rez <br \/>votre pr\u00e9sence <br \/>sur les march\u00e9s <br \/>industriels<\/h1>\n\t\t\t\t\t\t\t<p id=\"SR7_1_1-34-4\" class=\"sr7-layer\">Salons professionnels. Ex\u00e9cution locale. R\u00e9sultats concrets.<\/p>\n\t\t\t\t\t\t<\/sr7-slide>\n\t\t\t\t\t\t<sr7-slide id=\"SR7_1_1-10\" data-key=\"10\">\n\t\t\t\t\t\t<\/sr7-slide>\n\t\t\t\t\t<\/sr7-content>\n\t\t\t\t\t<image_lists style=\"display:none\">\n\t\t\t\t\t\t<img data-src=\"\/\/www.techmonts.com\/wp-content\/uploads\/2025\/04\/slid1.jpg\" data-libid=\"1381\" data-lib=\"medialibrary\" title=\"slid1\" width=\"0\" height=\"0\" data-dbsrc=\"Ly93d3cudGVjaG1vbnRzLmNvbS93cC1jb250ZW50L3VwbG9hZHMvMjAyNS8wNC9zbGlkMS5qcGc=\"\/>\n\t\t\t\t\t\t<img data-src=\"\/\/www.techmonts.com\/wp-content\/uploads\/2026\/03\/slid1-2.jpg\" data-libid=\"2124\" data-lib=\"medialibrary\" title=\"slid1-2\" width=\"0\" height=\"0\" data-dbsrc=\"Ly93d3cudGVjaG1vbnRzLmNvbS93cC1jb250ZW50L3VwbG9hZHMvMjAyNi8wMy9zbGlkMS0yLmpwZw==\"\/>\n\t\t\t\t\t\t<img data-src=\"\/\/www.techmonts.com\/wp-content\/uploads\/2026\/03\/slid1-1-4-1.jpg\" data-libid=\"2133\" data-lib=\"medialibrary\" title=\"slid1-1-4\" width=\"0\" height=\"0\" data-dbsrc=\"Ly93d3cudGVjaG1vbnRzLmNvbS93cC1jb250ZW50L3VwbG9hZHMvMjAyNi8wMy9zbGlkMS0xLTQtMS5qcGc=\"\/>\n\t\t\t\t\t<\/image_lists>\n\t\t\t\t<\/sr7-module>\n\t\t\t\t<script>\n\t\t\t\t\tSR7.PMH ??={}; SR7.PMH[\"SR7_1_1\"] = {cn:100,state:false,fn: function() { if (_tpt!==undefined && _tpt.prepareModuleHeight !== undefined) {  _tpt.prepareModuleHeight({id:\"SR7_1_1\",el:[642,642,642,500,400],type:'standard',shdw:'0',gh:[642,642,642,500,400],gw:[1240,1240,1024,778,480],vpt:['-100px&#039;,&#039;-100px&#039;,&#039;-100px&#039;,&#039;-100px&#039;,&#039;-100px'],size:{fullWidth:true, fullHeight:false},mh:'0',onh:0,onw:0,bg:{color:'{\"orig\":\"transparent\",\"type\":\"solid\",\"string\":\"transparent\"}'},plType:'0',plColor:'#FFFFFF'});   SR7.PMH[\"SR7_1_1\"].state=true;} else if(SR7.PMH[\"SR7_1_1\"].cn-->0)\tsetTimeout( SR7.PMH[\"SR7_1_1\"].fn,19);}};SR7.PMH[\"SR7_1_1\" ].fn();\n\t\t\t\t<\/script>\n[\/vc_column_text][\/vc_column][vc_column width=&#8221;1\/2&#8243;][\/vc_column][\/vc_row][vc_row full_width=&#8221;stretch_row&#8221; el_class=&#8221;diff-offer-wrapper pad-bot-offer&#8221; css=&#8221;.vc_custom_1629088961697{margin-top: 0px !important;margin-bottom: 0px !important;padding-top: 80px !important;padding-bottom: 0px !important;}&#8221;][vc_column width=&#8221;1\/6&#8243;][\/vc_column][vc_column width=&#8221;2\/3&#8243;][vc_column_text css=&#8221;.vc_custom_1774421550820{margin-top: 0px !important;margin-bottom: 0px !important;padding-top: 0px !important;padding-bottom: 0px !important;}&#8221; el_class=&#8221;orange_sub_title&#8221;]<\/p>\n<div class=\"sub_left_line\"><\/div>\n<p><\/p>\n<div class=\"sub_center_text\"><strong data-start=\"94\" data-end=\"115\">Nos services cl\u00e9s<\/strong><\/div>\n<p><\/p>\n<div class=\"sub_right_line\"><\/div>\n<p>&nbsp;[\/vc_column_text][vc_custom_heading text=&#8221;Partenaire strat\u00e9gique en entr\u00e9e de march\u00e9 et d\u00e9veloppement commercial&#8221; font_container=&#8221;tag:h1|font_size:30|text_align:center|color:%23242424|line_height:1.2&#8243; use_theme_fonts=&#8221;yes&#8221; css=&#8221;.vc_custom_1774676314474{margin-top: 15px !important;margin-bottom: 15px !important;padding-top: 0px !important;padding-bottom: 0px !important;}&#8221; el_class=&#8221;hm_main_title&#8221;][vc_custom_heading text=&#8221;Nous aidons les entreprises industrielles \u00e0 se d\u00e9velopper \u00e0 l\u2019international, de la strat\u00e9gie \u00e0 l\u2019ex\u00e9cution, avec un impact commercial r\u00e9el.&#8221; font_container=&#8221;tag:p|font_size:16|text_align:center|color:%236c6c6c|line_height:1.7&#8243; google_fonts=&#8221;font_family:Open%20Sans%3A300%2C300italic%2Cregular%2Citalic%2C600%2C600italic%2C700%2C700italic%2C800%2C800italic|font_style:400%20regular%3A400%3Anormal&#8221; css=&#8221;.vc_custom_1774676421319{margin-top: 0px !important;margin-bottom: 10px !important;padding-top: 0px !important;padding-bottom: 0px !important;}&#8221;][\/vc_column][vc_column width=&#8221;1\/6&#8243;][\/vc_column][\/vc_row][vc_row full_width=&#8221;stretch_row&#8221; el_class=&#8221;diff-offer-wrapper srvice_grid_responsive&#8221; css=&#8221;.vc_custom_1630999843644{margin-bottom: 100px !important;padding-bottom: 0px !important;}&#8221;][vc_column][ind_our_services number=&#8221;6&#8243; column=&#8221;3&#8243; readmore_text=&#8221;<strong data-start=\"83\" data-end=\"104\">D\u00e9couvrez comment<\/strong>&#8220;][\/vc_column][\/vc_row][vc_row full_width=&#8221;stretch_row&#8221; el_class=&#8221;ind-common-pad2 features_responsive&#8221; css=&#8221;.vc_custom_1634363665720{margin-top: 100px !important;}&#8221;][vc_column css=&#8221;.vc_custom_1630557628299{border-top-width: 1px !important;border-top-color: #eeeeee !important;border-top-style: solid !important;}&#8221;][vc_column_text css=&#8221;.vc_custom_1774421895848{margin-top: 0px !important;margin-bottom: 15px !important;padding-top: 80px !important;padding-bottom: 0px !important;}&#8221; el_class=&#8221;orange_sub_title&#8221;]<\/p>\n<div class=\"sub_left_line\"><\/div>\n<p><\/p>\n<div class=\"sub_center_text\"><strong data-start=\"92\" data-end=\"116\">Pourquoi TechMonts ?<\/strong><\/div>\n<p><\/p>\n<div class=\"sub_right_line\"><\/div>\n<p>&nbsp;[\/vc_column_text][vc_column_text css=&#8221;&#8221;]<\/p>\n<div class=\"quality-wrapper text-center\">\n<div class=\"vision tab-panel fade in\">\n<h2 class=\"p1\" style=\"text-align: center;\">Pourquoi TechMonts ?<\/h2>\n<p data-start=\"88\" data-end=\"250\"><strong data-start=\"93\" data-end=\"250\">Nous combinons strat\u00e9gie, ex\u00e9cution locale et expertise industrielle pour g\u00e9n\u00e9rer des r\u00e9sultats commerciaux concrets \u2014 et non de simples recommandations.<\/strong><\/p>\n<p data-start=\"88\" data-end=\"250\"><strong data-start=\"257\" data-end=\"383\">De l\u2019entr\u00e9e sur le march\u00e9 \u00e0 la conclusion des accords, nous transformons la strat\u00e9gie en r\u00e9sultats commerciaux mesurables.<\/strong><\/p>\n<\/div>\n<p><\/div>\n<p>[\/vc_column_text][vc_empty_space][vc_row_inner][vc_column_inner width=&#8221;1\/3&#8243;][vc_hoverbox image=&#8221;273&#8243; primary_title=&#8221;Strat\u00e9gie globale et ex\u00e9cution locale&#8221; primary_title_font_container=&#8221;color:%23FFFFFF&#8221; primary_title_use_theme_fonts=&#8221;yes&#8221; hover_title=&#8221;Strat\u00e9gie globale et ex\u00e9cution locale&#8221; hover_title_font_container=&#8221;color:%23FFFFFF&#8221; hover_title_use_theme_fonts=&#8221;yes&#8221; shape=&#8221;square&#8221; hover_background_color=&#8221;sky&#8221; use_custom_fonts_primary_title=&#8221;true&#8221; use_custom_fonts_hover_title=&#8221;true&#8221;]De la strat\u00e9gie \u00e0 l\u2019ex\u00e9cution sur le terrain, nous g\u00e9n\u00e9rons un impact r\u00e9el sur vos march\u00e9s cibles.[\/vc_hoverbox][\/vc_column_inner][vc_column_inner width=&#8221;1\/3&#8243;][vc_hoverbox image=&#8221;273&#8243; primary_title=&#8221;Expertise dans le secteur industriel&#8221; primary_title_font_container=&#8221;color:%23FFFFFF&#8221; primary_title_use_theme_fonts=&#8221;yes&#8221; hover_title=&#8221;Expertise dans le secteur industriel&#8221; hover_title_font_container=&#8221;color:%23FFFFFF&#8221; hover_title_use_theme_fonts=&#8221;yes&#8221; shape=&#8221;square&#8221; hover_background_color=&#8221;sky&#8221; use_custom_fonts_primary_title=&#8221;true&#8221; use_custom_fonts_hover_title=&#8221;true&#8221;]Une expertise approfondie des march\u00e9s industriels, des environnements business et de l\u2019expansion internationale.[\/vc_hoverbox][\/vc_column_inner][vc_column_inner width=&#8221;1\/3&#8243;][vc_hoverbox image=&#8221;273&#8243; primary_title=&#8221;Une approche orient\u00e9e r\u00e9sultats&#8221; primary_title_font_container=&#8221;color:%23FFFFFF&#8221; primary_title_use_theme_fonts=&#8221;yes&#8221; hover_title=&#8221;Une approche orient\u00e9e r\u00e9sultats&#8221; hover_title_font_container=&#8221;color:%23FFFFFF&#8221; hover_title_use_theme_fonts=&#8221;yes&#8221; shape=&#8221;square&#8221; hover_background_color=&#8221;sky&#8221; use_custom_fonts_primary_title=&#8221;true&#8221; use_custom_fonts_hover_title=&#8221;true&#8221;]Nous nous concentrons sur des r\u00e9sultats mesurables : entr\u00e9e sur le march\u00e9, partenariats et croissance commerciale.[\/vc_hoverbox][\/vc_column_inner][\/vc_row_inner][\/vc_column][\/vc_row][vc_row full_width=&#8221;stretch_row_content_no_spaces&#8221; equal_height=&#8221;yes&#8221;][vc_column][vc_row_inner equal_height=&#8221;yes&#8221; content_placement=&#8221;middle&#8221; css=&#8221;.vc_custom_1744297654482{background-position: 0 0 !important;background-repeat: no-repeat !important;}&#8221;][vc_column_inner el_class=&#8221;respon-home-slide&#8221; width=&#8221;1\/3&#8243; css=&#8221;.vc_custom_1745676700264{background-image: url(https:\/\/www.techmonts.com\/wp-content\/uploads\/2025\/04\/aerial-view-tokyo-cityscape-with-fuji-mountain-japan-scaled.jpg?id=2046) !important;}&#8221;][vc_single_image image=&#8221;2046&#8243; img_size=&#8221;full&#8221; css=&#8221;.vc_custom_1745676793506{margin-bottom: 0px !important;}&#8221; el_class=&#8221;height-img-home&#8221;][\/vc_column_inner][vc_column_inner el_class=&#8221;dots-test service-promo&#8221; width=&#8221;2\/3&#8243; css=&#8221;.vc_custom_1744297528919{background-position: 0 0 !important;background-repeat: no-repeat !important;}&#8221;][ind_testimonial_crousel_fulldetails quote_img=&#8221;1043&#8243; sticker_img=&#8221;1555&#8243;][\/vc_column_inner][\/vc_row_inner][\/vc_column][\/vc_row][vc_row full_width=&#8221;stretch_row_content_no_spaces&#8221;][vc_column][vc_column_text css=&#8221;&#8221;]<\/p>\n<section class=\"looking-wrapper clearfix\">\n<div class=\"container\">\n<div class=\"row\">\n<div class=\"col-lg-9 col-md-9 col-sm-8 col-xs-12\">\n<div class=\"indurial-solution-text2\">\n<h2 class=\"p1\">Pr\u00eat \u00e0 entrer sur de nouveaux march\u00e9s et \u00e0 vous d\u00e9velopper \u00e0 l\u2019international ?<\/h2>\n<\/div>\n<\/div>\n<div class=\"col-lg-3 col-md-3 col-sm-4 col-xs-12 text-right\">\n<div class=\"req-button text-right\"><a class=\"submit\" href=\"https:\/\/www.techmonts.com\/fr\/contactez-nous\/\"><strong data-start=\"775\" data-end=\"799\">Lancez votre expansion<\/strong><\/a><\/div>\n<\/div>\n<\/div>\n<\/div>\n<\/section>\n<p>&nbsp;[\/vc_column_text][\/vc_column][\/vc_row][vc_section css=&#8221;.vc_custom_1630993121063{padding-top: 0px !important;padding-bottom: 0px !important;}&#8221;][vc_row full_width=&#8221;stretch_row&#8221; el_class=&#8221;latest-news1&#8243; css=&#8221;.vc_custom_1630993128378{padding-top: 80px !important;padding-bottom: 60px !important;}&#8221;][vc_column width=&#8221;2\/3&#8243; el_class=&#8221;home-res-about&#8221;][vc_column_text css=&#8221;.vc_custom_1630401165630{margin-top: 0px !important;margin-bottom: 15px !important;padding-top: 0px !important;padding-bottom: 0px !important;}&#8221; el_class=&#8221;orange_sub_title left_arrange&#8221;]<\/p>\n<div class=\"sub_left_line\"><\/div>\n<p><\/p>\n<div class=\"sub_center_text\" style=\"text-align: left;\"><strong data-start=\"80\" data-end=\"92\">\u00c0 propos<\/strong><\/div>\n<p>&nbsp;[\/vc_column_text][vc_custom_heading text=&#8221;Votre partenaire pour une croissance industrielle \u00e0 l\u2019\u00e9chelle internationale&#8221; font_container=&#8221;tag:h1|font_size:40|text_align:left|color:%23242424|line_height:1.2&#8243; use_theme_fonts=&#8221;yes&#8221; css=&#8221;.vc_custom_1774424082396{margin-top: 15px !important;margin-bottom: 30px !important;padding-top: 0px !important;padding-bottom: 0px !important;}&#8221; el_class=&#8221;hm_main_title&#8221;][vc_column_text css=&#8221;&#8221;]<\/p>\n<div class=\"about-sec-content\">\n<p class=\"p1\" style=\"text-align: justify;\">TechMonts est un partenaire strat\u00e9gique en entr\u00e9e de march\u00e9 et en d\u00e9veloppement commercial, accompagnant les entreprises industrielles dans leur expansion internationale et l\u2019obtention de r\u00e9sultats concrets sur le march\u00e9.<\/p>\n<div class=\"row\">\n<div class=\"col-md-6\">\n<ul>\n<li><img loading=\"lazy\" decoding=\"async\" class=\"alignnone size-full wp-image-746\" src=\"https:\/\/www.techmonts.com\/wp-content\/uploads\/2021\/09\/img_1.png\" alt=\"\" width=\"20\" height=\"18\" \/> Une ex\u00e9cution \u00e9prouv\u00e9e en entr\u00e9e de march\u00e9<\/li>\n<li><img loading=\"lazy\" decoding=\"async\" class=\"alignnone size-full wp-image-746\" src=\"https:\/\/www.techmonts.com\/wp-content\/uploads\/2021\/09\/img_1.png\" alt=\"\" width=\"20\" height=\"18\" \/> Ex\u00e9cution locale sur vos march\u00e9s cibles<\/li>\n<li><img loading=\"lazy\" decoding=\"async\" class=\"alignnone size-full wp-image-746\" src=\"https:\/\/www.techmonts.com\/wp-content\/uploads\/2021\/09\/img_1.png\" alt=\"\" width=\"20\" height=\"18\" \/> Expertise approfondie des march\u00e9s industriels et des environnements de fabrication<\/li>\n<li><img loading=\"lazy\" decoding=\"async\" class=\"alignnone size-full wp-image-746\" src=\"https:\/\/www.techmonts.com\/wp-content\/uploads\/2021\/09\/img_1.png\" alt=\"\" width=\"20\" height=\"18\" \/> Un solide r\u00e9seau d\u2019affaires international<\/li>\n<li><img loading=\"lazy\" decoding=\"async\" class=\"alignnone size-full wp-image-746\" src=\"https:\/\/www.techmonts.com\/wp-content\/uploads\/2021\/09\/img_1.png\" alt=\"\" width=\"20\" height=\"18\" \/> Une approche ax\u00e9e sur des r\u00e9sultats commerciaux mesurables<\/li>\n<\/ul>\n<\/div>\n<p><\/div>\n<p><\/div>\n<p>&nbsp;[\/vc_column_text][\/vc_column][vc_column width=&#8221;1\/3&#8243; css=&#8221;.vc_custom_1630993054684{margin-bottom: 0px !important;}&#8221;][vc_column_text css=&#8221;.vc_custom_1630407063090{margin-top: 0px !important;margin-bottom: 15px !important;padding-top: 0px !important;padding-bottom: 0px !important;}&#8221; el_class=&#8221;orange_sub_title left_arrange&#8221;]<\/p>\n<p><\/p>\n<div class=\"sub_left_line\"><\/div>\n<p><\/p>\n<div class=\"sub_center_text\" style=\"text-align: left;\">FAQ<\/div>\n<p><\/p>\n<p>[\/vc_column_text][vc_custom_heading text=&#8221;Questions fr\u00e9quemment pos\u00e9es&#8221; font_container=&#8221;tag:h1|font_size:40|text_align:left|color:%23242424|line_height:1.2&#8243; use_theme_fonts=&#8221;yes&#8221; css=&#8221;.vc_custom_1774684765006{margin-top: 15px !important;margin-bottom: 55px !important;padding-top: 0px !important;padding-bottom: 0px !important;}&#8221; el_class=&#8221;hm_main_title&#8221;][vc_tta_accordion shape=&#8221;square&#8221; color=&#8221;white&#8221; active_section=&#8221;1&#8243; el_class=&#8221;hm1_accordion&#8221; css=&#8221;.vc_custom_1630993061833{margin-bottom: 0px !important;}&#8221;][vc_tta_section title=&#8221;Quels services propose TechMonts ?&#8221; tab_id=&#8221;1630407127752-53b1a9b7-aa4d&#8221;][vc_column_text css=&#8221;&#8221;]<\/p>\n<p data-start=\"75\" data-end=\"175\"><strong>TechMonts<\/strong> est un partenaire strat\u00e9gique en entr\u00e9e de march\u00e9 et en d\u00e9veloppement commercial.<\/p>\n<p><\/p>\n<p data-start=\"75\" data-end=\"175\"><strong>Nous accompagnons<\/strong> les entreprises de la d\u00e9finition de la strat\u00e9gie \u00e0 l\u2019ex\u00e9cution sur le terrain, en facilitant leur entr\u00e9e sur de nouveaux march\u00e9s, la cr\u00e9ation de partenariats et la g\u00e9n\u00e9ration de r\u00e9sultats commerciaux concrets.<\/p>\n<p>&nbsp;[\/vc_column_text][\/vc_tta_section][vc_tta_section title=&#8221;En quoi TechMonts se distingue-t-elle d\u2019un cabinet de conseil ou d\u2019un distributeur ?&#8221; tab_id=&#8221;1630407214655-926edbba-4224&#8243;][vc_column_text css=&#8221;&#8221;]<\/p>\n<p data-start=\"76\" data-end=\"186\"><strong>Contrairement<\/strong> aux cabinets de conseil traditionnels, nous ne nous limitons pas \u00e0 des recommandations.<\/p>\n<p><\/p>\n<p data-start=\"76\" data-end=\"186\"><strong>Nous soutenons activement<\/strong> l\u2019ex\u00e9cution, l\u2019engagement local et le d\u00e9veloppement des affaires.<\/p>\n<p><\/p>\n<p data-start=\"76\" data-end=\"186\">Et contrairement aux distributeurs, nous ne nous concentrons pas uniquement sur les transactions \u2014 nous construisons une pr\u00e9sence durable sur le march\u00e9 et une croissance \u00e0 long terme.<\/p>\n<p>[\/vc_column_text][\/vc_tta_section][vc_tta_section tab_id=&#8221;1630407223187-acf2e4f6-b0b9&#8243; title=&#8221;Quels march\u00e9s couvrez-vous ?&#8221;][vc_column_text css=&#8221;&#8221;]<\/p>\n<p class=\"\" data-start=\"1642\" data-end=\"1895\"><strong>Nous accompagnons<\/strong> principalement l\u2019entr\u00e9e sur le march\u00e9 et l\u2019expansion entre le Japon et les r\u00e9gions internationales, notamment l\u2019Europe, l\u2019Asie et l\u2019Afrique du Nord, en fonction des projets et de leur pertinence strat\u00e9gique.<\/p>\n<p>&nbsp;[\/vc_column_text][\/vc_tta_section][\/vc_tta_accordion][\/vc_column][\/vc_row][\/vc_section][vc_row el_class=&#8221;sectpad-sec&#8221;][vc_column][vc_row_inner css=&#8221;.vc_custom_1630558570987{margin-top: 0px !important;margin-bottom: 0px !important;padding-top: 0px !important;padding-bottom: 30px !important;}&#8221;][vc_column_inner width=&#8221;1\/2&#8243; css=&#8221;.vc_custom_1630479658907{margin-top: 0px !important;margin-bottom: 0px !important;padding-top: 0px !important;padding-bottom: 0px !important;}&#8221;][vc_column_text css=&#8221;.vc_custom_1774424580257{margin-top: 0px !important;margin-bottom: 15px !important;padding-top: 0px !important;padding-bottom: 0px !important;}&#8221; el_class=&#8221;orange_sub_title left_arrange&#8221;]<\/p>\n<div class=\"sub_left_line\"><\/div>\n<p><\/p>\n<div class=\"sub_center_text\" style=\"text-align: left;\"><strong data-start=\"87\" data-end=\"104\">Par TechMonts<\/strong><\/div>\n<p>&nbsp;[\/vc_column_text][vc_custom_heading text=&#8221;Perspectives et actualit\u00e9s&#8221; font_container=&#8221;tag:h1|font_size:48|text_align:left|color:%23242424|line_height:1.2&#8243; use_theme_fonts=&#8221;yes&#8221; css=&#8221;.vc_custom_1774424553923{margin-top: 15px !important;margin-bottom: 30px !important;padding-top: 0px !important;padding-bottom: 0px !important;}&#8221; el_class=&#8221;hm_main_title&#8221;][\/vc_column_inner][vc_column_inner width=&#8221;1\/2&#8243; css=&#8221;.vc_custom_1630479764157{padding-top: 0px !important;padding-bottom: 0px !important;}&#8221;][vc_custom_heading text=&#8221;Explorez des analyses cl\u00e9s, les tendances du march\u00e9 et les \u00e9volutions concr\u00e8tes qui fa\u00e7onnent l\u2019industrie mondiale et son expansion \u00e0 l\u2019international.&#8221; font_container=&#8221;tag:p|font_size:16|text_align:left|color:%236c6c6c|line_height:1.7&#8243; google_fonts=&#8221;font_family:Open%20Sans%3A300%2C300italic%2Cregular%2Citalic%2C600%2C600italic%2C700%2C700italic%2C800%2C800italic|font_style:400%20regular%3A400%3Anormal&#8221; css=&#8221;.vc_custom_1774424597333{margin-top: 0px !important;margin-bottom: 10px !important;padding-top: 0px !important;padding-bottom: 0px !important;}&#8221;][\/vc_column_inner][\/vc_row_inner][ind_latest_news column=&#8221;3&#8243; readmore_text=&#8221;View Insight&#8221;][\/vc_column][\/vc_row][vc_row full_width=&#8221;stretch_row_content_no_spaces&#8221;][vc_column][vc_column_text css=&#8221;&#8221;]<\/p>\n<section class=\"our-sol-wrapper clearfix\">\n<div class=\"container clearfix\">\n<p class=\"none\"><strong data-start=\"228\" data-end=\"333\">D\u00e9veloppez votre entreprise au-del\u00e0 des fronti\u00e8res, de la strat\u00e9gie \u00e0 un succ\u00e8s concret sur le march\u00e9<\/strong><\/p>\n<\/div>\n<\/section>\n<p>&nbsp;[\/vc_column_text][\/vc_column][\/vc_row][vc_row][vc_column][vc_column_text][\/vc_column_text][\/vc_column][\/vc_row]<\/p>\n<\/div>","protected":false},"excerpt":{"rendered":"<p>[vc_row full_width=&#8221;stretch_row_content_no_spaces&#8221;][vc_column width=&#8221;1\/2&#8243;][vc_column_text][\/vc_column_text][\/vc_column][vc_column width=&#8221;1\/2&#8243;][\/vc_column][\/vc_row][vc_row full_width=&#8221;stretch_row&#8221; el_class=&#8221;diff-offer-wrapper pad-bot-offer&#8221; css=&#8221;.vc_custom_1629088961697{margin-top: 0px !important;margin-bottom: 0px !important;padding-top: 80px !important;padding-bottom: 0px !important;}&#8221;][vc_column width=&#8221;1\/6&#8243;][\/vc_column][vc_column width=&#8221;2\/3&#8243;][vc_column_text css=&#8221;.vc_custom_1774421550820{margin-top: 0px !important;margin-bottom: &#8230;<\/p>\n","protected":false},"author":1,"featured_media":0,"parent":0,"menu_order":0,"comment_status":"closed","ping_status":"closed","template":"","meta":{"footnotes":""},"class_list":["post-1718","page","type-page","status-publish","hentry"],"_links":{"self":[{"href":"https:\/\/www.techmonts.com\/fr\/wp-json\/wp\/v2\/pages\/1718","targetHints":{"allow":["GET"]}}],"collection":[{"href":"https:\/\/www.techmonts.com\/fr\/wp-json\/wp\/v2\/pages"}],"about":[{"href":"https:\/\/www.techmonts.com\/fr\/wp-json\/wp\/v2\/types\/page"}],"author":[{"embeddable":true,"href":"https:\/\/www.techmonts.com\/fr\/wp-json\/wp\/v2\/users\/1"}],"replies":[{"embeddable":true,"href":"https:\/\/www.techmonts.com\/fr\/wp-json\/wp\/v2\/comments?post=1718"}],"version-history":[{"count":9,"href":"https:\/\/www.techmonts.com\/fr\/wp-json\/wp\/v2\/pages\/1718\/revisions"}],"predecessor-version":[{"id":2249,"href":"https:\/\/www.techmonts.com\/fr\/wp-json\/wp\/v2\/pages\/1718\/revisions\/2249"}],"wp:attachment":[{"href":"https:\/\/www.techmonts.com\/fr\/wp-json\/wp\/v2\/media?parent=1718"}],"curies":[{"name":"wp","href":"https:\/\/api.w.org\/{rel}","templated":true}]}}